{"id":33,"date":"2014-04-24T22:39:04","date_gmt":"2014-04-24T22:39:04","guid":{"rendered":"http:\/\/cluster007.ovh.net\/~gilbertn\/?page_id=33"},"modified":"2024-12-05T20:51:41","modified_gmt":"2024-12-05T19:51:41","slug":"gilbert-nouno","status":"publish","type":"page","link":"https:\/\/gilbertnouno.net\/?page_id=33","title":{"rendered":"About me"},"content":{"rendered":"\n<figure class=\"wp-block-gallery has-nested-images columns-default is-cropped wp-block-gallery-1 is-layout-flex wp-block-gallery-is-layout-flex\">\n<figure class=\"wp-block-image size-large\"><a href=\"https:\/\/gilbertnouno.net\/wp-content\/uploads\/2024\/12\/19515.jpg\"><img loading=\"lazy\" decoding=\"async\" width=\"785\" height=\"785\" data-id=\"3771\" src=\"https:\/\/gilbertnouno.net\/wp-content\/uploads\/2024\/12\/19515-785x785.jpg\" alt=\"\" class=\"wp-image-3771\" srcset=\"https:\/\/gilbertnouno.net\/wp-content\/uploads\/2024\/12\/19515-785x785.jpg 785w, https:\/\/gilbertnouno.net\/wp-content\/uploads\/2024\/12\/19515-300x300.jpg 300w, https:\/\/gilbertnouno.net\/wp-content\/uploads\/2024\/12\/19515-290x290.jpg 290w, https:\/\/gilbertnouno.net\/wp-content\/uploads\/2024\/12\/19515-768x768.jpg 768w, https:\/\/gilbertnouno.net\/wp-content\/uploads\/2024\/12\/19515-1536x1536.jpg 1536w, https:\/\/gilbertnouno.net\/wp-content\/uploads\/2024\/12\/19515-2048x2048.jpg 2048w, https:\/\/gilbertnouno.net\/wp-content\/uploads\/2024\/12\/19515-210x210.jpg 210w\" sizes=\"auto, (max-width: 785px) 100vw, 785px\" \/><\/a><\/figure>\n<\/figure>\n\n\n\n<p><strong>[EN]<\/strong> Gilbert Nouno is a digital artist, composer and interdisciplinary researcher at the forefront of musical innovation. Inspired by both cutting-edge digital technologies and classical traditions, he explores the fusion between human and machine, creating works at the boundaries of contemporary art. He heads the Electroacoustic Music Center and teaches composition at the Geneva Haute \u00e9cole de musique (HEM), as well as at the Bern University of the Arts (HKB) and the Barenboim-Said Akademie in Berlin. A recipient of prestigious awards like the Villa Medici in Rome and the Villa Kujoyama in Kyoto, his avant-garde works include <em>Deejay<\/em>, a string quartet with electronics; <em>Iwona<\/em>, a pocket opera; and <em>Street Music<\/em>, an electronic trio. His performances, such as <em>Feedback<\/em> and <em>SINE<\/em>, explore new approaches to the interaction between sound and image.<\/p>\n\n\n\n<hr class=\"wp-block-separator has-alpha-channel-opacity\"\/>\n\n\n\n<p>\u00a0<strong>[FR]<\/strong> Gilbert Nouno est un artiste num\u00e9rique, compositeur et chercheur interdisciplinaire \u00e0 la pointe de l&#8217;innovation musicale. Inspir\u00e9 \u00e0 la fois par les derni\u00e8res technologies num\u00e9riques et les traditions classiques, il explore la fusion entre l&#8217;homme et la machine, cr\u00e9ant des \u0153uvres aux fronti\u00e8res de l&#8217;art contemporain. Il dirige le Centre de musique \u00e9lectroacoustique et enseigne la composition \u00e0 la Haute \u00e9cole de musique de Gen\u00e8ve (HEM), ainsi qu&#8217;\u00e0 la Haute \u00e9cole des arts de Berne (HKB) et \u00e0 la Barenboim-Said Akademie de Berlin. Laur\u00e9at de prix prestigieux tels que la Villa M\u00e9dicis \u00e0 Rome et la Villa Kujoyama \u00e0 Kyoto, ses \u0153uvres avant-gardistes comprennent Deejay, un quatuor \u00e0 cordes avec \u00e9lectronique, Iwona, un op\u00e9ra de poche, et Street Music, un trio \u00e9lectronique. Ses oeuvres et performances telles que Feedback et SINE explorent de nouvelles approches de l&#8217;interaction entre le son et l&#8217;image.<\/p>\n\n\n\n<hr class=\"wp-block-separator has-alpha-channel-opacity\"\/>\n\n\n\n<p>\u00a0<strong>[DE]<\/strong> Gilbert Nouno ist Komponist, Digitalk\u00fcnstler und interdisziplin\u00e4rer Forscher an der Spitze der musikalischen Innovation. Inspiriert von modernsten digitalen Technologien und klassischen Traditionen erforscht er die Verschmelzung von Mensch und Maschine und schafft Werke an den Grenzen der zeitgen\u00f6ssischen Kunst. Er leitet das Zentrum f\u00fcr Elektroakustische Musik und unterrichtet Komposition an der Genfer Haute \u00e9cole de musique (HEM), sowie an der Hochschule der K\u00fcnste Bern (HKB) und der Barenboim-Said Akademie in Berlin. Er erhielt prestigetr\u00e4chtige Auszeichnungen wie die Villa Medici in Rom und die Villa Kujoyama in Kyoto. Zu seinen avantgardistischen Werken geh\u00f6ren Deejay, ein Streichquartett mit Elektronik; Iwona, eine Taschenoper; und Street Music, ein elektronisches Trio. Seine Performances wie Feedback und SINE erforschen neue Ans\u00e4tze f\u00fcr die Interaktion zwischen Ton und Bild.<\/p>\n\n\n\n<figure class=\"wp-block-gallery has-nested-images columns-default is-cropped wp-block-gallery-2 is-layout-flex wp-block-gallery-is-layout-flex\">\n<figure class=\"wp-block-image size-large\"><a href=\"https:\/\/gilbertnouno.net\/wp-content\/uploads\/2014\/04\/gilbert_nouno1.png\"><img loading=\"lazy\" decoding=\"async\" width=\"500\" height=\"354\" data-id=\"3610\" src=\"https:\/\/gilbertnouno.net\/wp-content\/uploads\/2014\/04\/gilbert_nouno1.png\" alt=\"\" class=\"wp-image-3610\" srcset=\"https:\/\/gilbertnouno.net\/wp-content\/uploads\/2014\/04\/gilbert_nouno1.png 500w, https:\/\/gilbertnouno.net\/wp-content\/uploads\/2014\/04\/gilbert_nouno1-300x212.png 300w, https:\/\/gilbertnouno.net\/wp-content\/uploads\/2014\/04\/gilbert_nouno1-210x148.png 210w\" sizes=\"auto, (max-width: 500px) 100vw, 500px\" \/><\/a><\/figure>\n<\/figure>\n","protected":false},"excerpt":{"rendered":"<p>[EN] Gilbert Nouno is a digital artist, composer and interdisciplinary researcher at the forefront of musical innovation. Inspired by both cutting-edge digital technologies and classical traditions, he explores the fusion between human and machine, creating works at the boundaries of<\/p>\n","protected":false},"author":4,"featured_media":3610,"parent":0,"menu_order":0,"comment_status":"closed","ping_status":"open","template":"","meta":{"footnotes":""},"class_list":["post-33","page","type-page","status-publish","has-post-thumbnail","hentry"],"_links":{"self":[{"href":"https:\/\/gilbertnouno.net\/index.php?rest_route=\/wp\/v2\/pages\/33","targetHints":{"allow":["GET"]}}],"collection":[{"href":"https:\/\/gilbertnouno.net\/index.php?rest_route=\/wp\/v2\/pages"}],"about":[{"href":"https:\/\/gilbertnouno.net\/index.php?rest_route=\/wp\/v2\/types\/page"}],"author":[{"embeddable":true,"href":"https:\/\/gilbertnouno.net\/index.php?rest_route=\/wp\/v2\/users\/4"}],"replies":[{"embeddable":true,"href":"https:\/\/gilbertnouno.net\/index.php?rest_route=%2Fwp%2Fv2%2Fcomments&post=33"}],"version-history":[{"count":73,"href":"https:\/\/gilbertnouno.net\/index.php?rest_route=\/wp\/v2\/pages\/33\/revisions"}],"predecessor-version":[{"id":3775,"href":"https:\/\/gilbertnouno.net\/index.php?rest_route=\/wp\/v2\/pages\/33\/revisions\/3775"}],"wp:featuredmedia":[{"embeddable":true,"href":"https:\/\/gilbertnouno.net\/index.php?rest_route=\/wp\/v2\/media\/3610"}],"wp:attachment":[{"href":"https:\/\/gilbertnouno.net\/index.php?rest_route=%2Fwp%2Fv2%2Fmedia&parent=33"}],"curies":[{"name":"wp","href":"https:\/\/api.w.org\/{rel}","templated":true}]}}